{"id":833,"date":"2015-12-14T04:10:10","date_gmt":"2015-12-14T04:10:10","guid":{"rendered":"http:\/\/theme-fusion.com\/avada\/medical\/?page_id=7"},"modified":"2024-04-07T21:41:50","modified_gmt":"2024-04-08T01:41:50","slug":"about","status":"publish","type":"page","link":"https:\/\/bureaudresterez.com\/en\/about\/","title":{"rendered":"About"},"content":{"rendered":"<p><div class=\"fusion-bg-parallax\" data-bg-align=\"center top\" data-direction=\"down\" data-mute=\"false\" data-opacity=\"100\" data-velocity=\"-0.4\" data-mobile-enabled=\"false\" data-break_parents=\"0\" data-bg-image=\"http:\/\/bureaudresterez.com\/wp-content\/uploads\/2015\/12\/paralax-bg-tour-facilities.jpg\" data-bg-repeat=\"false\" ><\/div><div class=\"fusion-fullwidth fullwidth-box fusion-builder-row-1 fusion-parallax-down nonhundred-percent-fullwidth non-hundred-percent-height-scrolling\" style=\"--awb-background-position:center top;--awb-border-sizes-top:0px;--awb-border-sizes-bottom:0px;--awb-border-sizes-left:0px;--awb-border-sizes-right:0px;--awb-border-radius-top-left:0px;--awb-border-radius-top-right:0px;--awb-border-radius-bottom-right:0px;--awb-border-radius-bottom-left:0px;--awb-padding-top:10%;--awb-padding-right:5%;--awb-padding-bottom:5%;--awb-padding-left:5%;--awb-background-image:url(&quot;http:\/\/bureaudresterez.com\/wp-content\/uploads\/2015\/12\/paralax-bg-tour-facilities.jpg&quot;);--awb-background-size:cover;--awb-flex-wrap:wrap;\" ><div class=\"fusion-builder-row fusion-row\"><div class=\"fusion-layout-column fusion_builder_column fusion-builder-column-0 fusion_builder_column_1_1 1_1 fusion-one-full fusion-column-first fusion-column-last\" style=\"--awb-bg-blend:overlay;--awb-bg-size:cover;\"><div class=\"fusion-column-wrapper fusion-flex-column-wrapper-legacy\"><div class=\"fusion-text fusion-text-1\"><h1 style=\"text-align: center; --fontSize:80; line-height: 1;\" data-fontsize=\"80\" data-lineheight=\"80px\" class=\"fusion-responsive-typography-calculated\"><span style=\"color: #ffffff;\">About<\/span> <span style=\"color: #3bafbf;\">Dr. Est\u00e9rez<\/span><\/h1>\n<p style=\"font-size: 26px; line-height: 36px; text-align: center;\"><span style=\"color: #ffffff;\">Over 30 years of practice.<\/span><\/p>\n<\/div><div class=\"fusion-sep-clear\"><\/div><div class=\"fusion-separator fusion-full-width-sep\" style=\"margin-left: auto;margin-right: auto;margin-top:10px;margin-bottom:10px;width:100%;\"><\/div><div class=\"fusion-sep-clear\"><\/div><a class=\"fusion-one-page-text-link\" href=\"#bio\"><div class=\"fusion-fa-align-center\"><i class=\"fb-icon-element-1 fb-icon-element fontawesome-icon fa fa-angle-down circle-no fusion-animated\" style=\"--awb-font-size:80px;\" data-animationType=\"fadeInUp\" data-animationDuration=\"0.6\" data-animationOffset=\"top-into-view\"><\/i><\/div><\/a><div class=\"fusion-clearfix\"><\/div><\/div><\/div><\/div><\/div><div id=\"bio\" class=\"fusion-container-anchor\"><div class=\"fusion-fullwidth fullwidth-box fusion-builder-row-2 has-pattern-background has-mask-background nonhundred-percent-fullwidth non-hundred-percent-height-scrolling\" style=\"--awb-border-sizes-top:0px;--awb-border-sizes-bottom:0px;--awb-border-sizes-left:0px;--awb-border-sizes-right:0px;--awb-border-radius-top-left:0px;--awb-border-radius-top-right:0px;--awb-border-radius-bottom-right:0px;--awb-border-radius-bottom-left:0px;--awb-padding-top:50px;--awb-padding-bottom:75px;--awb-background-color:#f7f7f7;--awb-flex-wrap:wrap;\" ><div class=\"fusion-builder-row fusion-row\"><div class=\"fusion-layout-column fusion_builder_column fusion-builder-column-1 fusion_builder_column_1_6 1_6 fusion-one-sixth fusion-column-first fusion-no-small-visibility\" style=\"--awb-bg-blend:overlay;--awb-bg-size:cover;width:13.3333%; margin-right: 4%;\"><div class=\"fusion-column-wrapper fusion-flex-column-wrapper-legacy\"><div class=\"fusion-sep-clear\"><\/div><div class=\"fusion-separator fusion-full-width-sep\" style=\"margin-left: auto;margin-right: auto;width:100%;\"><\/div><div class=\"fusion-sep-clear\"><\/div><div class=\"fusion-clearfix\"><\/div><\/div><\/div><div class=\"fusion-layout-column fusion_builder_column fusion-builder-column-2 fusion_builder_column_2_3 2_3 fusion-two-third\" style=\"--awb-bg-blend:overlay;--awb-bg-size:cover;width:65.3333%; margin-right: 4%;\"><div class=\"fusion-column-wrapper fusion-flex-column-wrapper-legacy\"><div class=\"fusion-image-element fusion-image-align-center in-legacy-container\" style=\"text-align:center;--awb-caption-title-font-family:var(--h2_typography-font-family);--awb-caption-title-font-weight:var(--h2_typography-font-weight);--awb-caption-title-font-style:var(--h2_typography-font-style);--awb-caption-title-size:var(--h2_typography-font-size);--awb-caption-title-transform:var(--h2_typography-text-transform);--awb-caption-title-line-height:var(--h2_typography-line-height);--awb-caption-title-letter-spacing:var(--h2_typography-letter-spacing);\"><div class=\"imageframe-align-center\"><span class=\" fusion-imageframe imageframe-none imageframe-1 hover-type-none\"><img decoding=\"async\" src=\"http:\/\/bureaudresterez.com\/wp-content\/uploads\/2015\/12\/icon-5.png\" alt class=\"img-responsive\"\/><\/span><\/div><\/div><div class=\"fusion-sep-clear\"><\/div><div class=\"fusion-separator fusion-full-width-sep\" style=\"margin-left: auto;margin-right: auto;margin-top:20px;width:100%;\"><\/div><div class=\"fusion-sep-clear\"><\/div><div class=\"fusion-text fusion-text-2\"><h2 style=\"text-align: center;\">Professional, Careful &amp; Attentive<\/h2>\n<\/div><div class=\"fusion-sep-clear\"><\/div><div class=\"fusion-separator\" style=\"margin-left: auto;margin-right: auto;margin-top:0px;margin-bottom:30px;width:100%;max-width:280px;\"><div class=\"fusion-separator-border sep-single sep-solid\" style=\"--awb-height:20px;--awb-amount:20px;--awb-sep-color:#d1d1d1;border-color:#d1d1d1;border-top-width:2px;\"><\/div><\/div><div class=\"fusion-sep-clear\"><\/div><div class=\"fusion-clearfix\"><\/div><\/div><\/div><div class=\"fusion-layout-column fusion_builder_column fusion-builder-column-3 fusion_builder_column_1_6 1_6 fusion-one-sixth fusion-column-last fusion-no-small-visibility\" style=\"--awb-bg-blend:overlay;--awb-bg-size:cover;width:13.3333%;\"><div class=\"fusion-column-wrapper fusion-flex-column-wrapper-legacy\"><div class=\"fusion-sep-clear\"><\/div><div class=\"fusion-separator fusion-full-width-sep\" style=\"margin-left: auto;margin-right: auto;width:100%;\"><\/div><div class=\"fusion-sep-clear\"><\/div><div class=\"fusion-clearfix\"><\/div><\/div><\/div><div class=\"fusion-layout-column fusion_builder_column fusion-builder-column-4 fusion_builder_column_1_3 1_3 fusion-one-third fusion-column-first fusion-animated\" style=\"--awb-bg-blend:overlay;--awb-bg-size:cover;width:30.6666%; margin-right: 4%;\" data-animationType=\"fadeInLeft\" data-animationDuration=\"0.5\" data-animationOffset=\"top-into-view\"><div class=\"fusion-column-wrapper fusion-flex-column-wrapper-legacy\"><div class=\"fusion-person person fusion-person-center fusion-person-1 fusion-person-icon-bottom\" style=\"--awb-pic-style-color:#000000;--awb-pic-borderradius:0px;--awb-margin-top:0px;--awb-margin-right:0px;--awb-margin-bottom:0px;--awb-margin-left:0px;\"><div class=\"person-shortcode-image-wrapper imageframe-liftup\"><div class=\"person-image-container\" style=\"border:0px solid #f6f6f6;-webkit-border-radius:0px;-moz-border-radius:0px;border-radius:0px;\"><img decoding=\"async\" class=\"person-img img-responsive\" src=\"http:\/\/bureaudresterez.com\/wp-content\/uploads\/2018\/03\/dr-philippe-esterez-web-03.jpg\" alt=\"Dr. Philippe Est\u00e9rez\" \/><\/div><\/div><div class=\"person-desc\" style=\"background-color:#ffffff;padding:40px;margin-top:0;\"><div class=\"person-author\"><div class=\"person-author-wrapper\"><span class=\"person-name\">Dr. Philippe Est\u00e9rez<\/span><span class=\"person-title\">Family Doctor<\/span><\/div><\/div><div class=\"person-content fusion-clearfix\"><\/div><div class=\"fusion-social-networks boxed-icons\"><div class=\"fusion-social-networks-wrapper\"><a class=\"fusion-social-network-icon fusion-tooltip fusion-facebook awb-icon-facebook\" aria-label=\"fusion-facebook\" href=\"https:\/\/www.facebook.com\/Dr.P.Esterez\/\" target=\"_blank\" rel=\"noopener noreferrer\" style=\"color:#ffffff;background-color:#3b5998;border-color:var(--awb-color3);border-radius:4px;font-size:16px;padding:8px;\" data-placement=\"top\" data-title=\"Facebook\" title=\"Facebook\" data-toggle=\"tooltip\"><\/a><a class=\"fusion-social-network-icon fusion-tooltip fusion-twitter awb-icon-twitter\" aria-label=\"fusion-twitter\" href=\"https:\/\/twitter.com\/EsterezP\" target=\"_blank\" rel=\"noopener noreferrer\" style=\"color:#ffffff;background-color:#000000;border-color:var(--awb-color3);border-radius:4px;font-size:16px;padding:8px;\" data-placement=\"top\" data-title=\"Twitter\" title=\"Twitter\" data-toggle=\"tooltip\"><\/a><\/div><\/div><\/div><\/div><div class=\"fusion-sep-clear\"><\/div><div class=\"fusion-separator fusion-full-width-sep\" style=\"margin-left: auto;margin-right: auto;margin-top:10px;margin-bottom:10px;width:100%;\"><\/div><div class=\"fusion-sep-clear\"><\/div><div class=\"fusion-text fusion-text-3\"><p style=\"text-align: center;\"><strong>See Doctor Profile On<\/strong><\/p>\n<\/div><div class=\"fusion-image-element fusion-image-align-center in-legacy-container\" style=\"text-align:center;--awb-caption-title-font-family:var(--h2_typography-font-family);--awb-caption-title-font-weight:var(--h2_typography-font-weight);--awb-caption-title-font-style:var(--h2_typography-font-style);--awb-caption-title-size:var(--h2_typography-font-size);--awb-caption-title-transform:var(--h2_typography-text-transform);--awb-caption-title-line-height:var(--h2_typography-line-height);--awb-caption-title-letter-spacing:var(--h2_typography-letter-spacing);\"><div class=\"imageframe-align-center\"><span class=\" fusion-imageframe imageframe-none imageframe-2 hover-type-none\"><a class=\"fusion-no-lightbox\" href=\"http:\/\/www.sante.gouv.qc.ca\/en\/repertoire-ressources\/ressource\/?nofiche=110714\" target=\"_blank\" aria-label=\"logo-sante-mieux-etre-quebec-btn\" rel=\"noopener noreferrer\"><img decoding=\"async\" width=\"228\" height=\"124\" src=\"http:\/\/bureaudresterez.com\/wp-content\/uploads\/2018\/03\/logo-sante-mieux-etre-quebec-btn.png\" alt class=\"img-responsive wp-image-1206\" srcset=\"https:\/\/bureaudresterez.com\/wp-content\/uploads\/2018\/03\/logo-sante-mieux-etre-quebec-btn-200x109.png 200w, https:\/\/bureaudresterez.com\/wp-content\/uploads\/2018\/03\/logo-sante-mieux-etre-quebec-btn.png 228w\" sizes=\"(max-width: 800px) 100vw, 228px\" \/><\/a><\/span><\/div><\/div><div class=\"fusion-clearfix\"><\/div><\/div><\/div><div class=\"fusion-layout-column fusion_builder_column fusion-builder-column-5 fusion_builder_column_2_3 2_3 fusion-two-third fusion-column-last fusion-animated\" style=\"--awb-bg-blend:overlay;--awb-bg-size:cover;width:65.3333%;\" data-animationType=\"fadeInRight\" data-animationDuration=\"0.5\" data-animationOffset=\"top-into-view\"><div class=\"fusion-column-wrapper fusion-flex-column-wrapper-legacy\"><div class=\"fusion-text fusion-text-4\"><p>Born in France, Dr. Est\u00e9rez arrived in Canada at the age of 14.<\/p>\n<p>A man of many talents and passions, Dr. Est\u00e9rez completed his medical studies in 1978 at the Universit\u00e9 de Montr\u00e9al with a family medicine internship and began his career as an emergency physician at Maisonneuve-Rosemont University Hospital (HMR).<\/p>\n<p>For several years, he worked in various health facilities in the public domain in Montreal, but also in rural Quebec (Charlevoix, Eastern Townships), where the needs are often great. His thirst for learning and his love of patients give him the experience of a varied medical practice, a very comprehensive general medicine including family medicine, obstetrics, hospital medicine and emergency wardens.<\/p>\n<p>His field of expertise also benefits from a practice in different sectors: emergency health (ambulances), psychiatric emergency (Albert Pr\u00e9vost pavilion), occupational medicine and prison medicine.<\/p>\n<p>Alongside these different activities, Dr. Est\u00e9rez has always pursued a practice of family medicine.<\/p>\n<p>Available since 2003 as a private doctor for consultations at your home, Dr. Est\u00e9rez is pleased to continue his medical practice by providing professional medical care services, the quality of which reflects his vast experience and personality.<\/p>\n<\/div><div class=\"fusion-sep-clear\"><\/div><div class=\"fusion-separator fusion-full-width-sep\" style=\"margin-left: auto;margin-right: auto;margin-top:10px;margin-bottom:10px;width:100%;\"><\/div><div class=\"fusion-sep-clear\"><\/div><div class=\"fusion-alignleft\"><a class=\"fusion-button button-flat button-large button-default fusion-button-default button-1 fusion-button-span-no fusion-button-default-type\" style=\"--button-border-radius-top-left:0px;--button-border-radius-top-right:0px;--button-border-radius-bottom-right:0px;--button-border-radius-bottom-left:0px;\" target=\"_self\" title=\"Our Medical Services\" aria-label=\"Our Medical Services\" href=\"https:\/\/bureaudresterez.com\/en\/services\/\"><span class=\"fusion-button-text awb-button__text awb-button__text--default\">Our Medical Services<\/span><\/a><\/div><div class=\"fusion-clearfix\"><\/div><\/div><\/div><\/div><\/div><\/div><\/p>\n","protected":false},"excerpt":{"rendered":"","protected":false},"author":5,"featured_media":0,"parent":0,"menu_order":0,"comment_status":"closed","ping_status":"closed","template":"100-width.php","meta":{"footnotes":""},"class_list":["post-833","page","type-page","status-publish","hentry"],"yoast_head":"<!-- This site is optimized with the Yoast SEO plugin v26.8 - https:\/\/yoast.com\/product\/yoast-seo-wordpress\/ -->\n<title>About - Office of Dr. Philippe Est\u00e9rez<\/title>\n<meta name=\"description\" content=\"Dr. Esterez&#039;s biography. Over 30 years of practice in family medicine. Professional, careful &amp; attentive. Available as a private doctor for consultations at his office or at your home.\" \/>\n<meta name=\"robots\" content=\"index, follow, max-snippet:-1, max-image-preview:large, max-video-preview:-1\" \/>\n<link rel=\"canonical\" href=\"https:\/\/bureaudresterez.com\/en\/about\/\" \/>\n<meta property=\"og:locale\" content=\"en_US\" \/>\n<meta property=\"og:type\" content=\"article\" \/>\n<meta property=\"og:title\" content=\"About - Office of Dr. Philippe Est\u00e9rez\" \/>\n<meta property=\"og:description\" content=\"Dr. Esterez&#039;s biography. Over 30 years of practice in family medicine. Professional, careful &amp; attentive. Available as a private doctor for consultations at his office or at your home.\" \/>\n<meta property=\"og:url\" content=\"https:\/\/bureaudresterez.com\/en\/about\/\" \/>\n<meta property=\"og:site_name\" content=\"Office of Dr. Philippe Est\u00e9rez\" \/>\n<meta property=\"article:publisher\" content=\"https:\/\/www.facebook.com\/Dr.P.Esterez\/\" \/>\n<meta property=\"article:modified_time\" content=\"2024-04-08T01:41:50+00:00\" \/>\n<meta property=\"og:image\" content=\"http:\/\/bureaudresterez.com\/wp-content\/uploads\/2015\/12\/icon-5.png\" \/>\n<meta name=\"twitter:card\" content=\"summary_large_image\" \/>\n<meta name=\"twitter:site\" content=\"@EsterezP\" \/>\n<meta name=\"twitter:label1\" content=\"Est. reading time\" \/>\n\t<meta name=\"twitter:data1\" content=\"2 minutes\" \/>\n<script type=\"application\/ld+json\" class=\"yoast-schema-graph\">{\"@context\":\"https:\/\/schema.org\",\"@graph\":[{\"@type\":\"WebPage\",\"@id\":\"https:\/\/bureaudresterez.com\/en\/about\/\",\"url\":\"https:\/\/bureaudresterez.com\/en\/about\/\",\"name\":\"About - Office of Dr. Philippe Est\u00e9rez\",\"isPartOf\":{\"@id\":\"https:\/\/bureaudresterez.com\/#website\"},\"primaryImageOfPage\":{\"@id\":\"https:\/\/bureaudresterez.com\/en\/about\/#primaryimage\"},\"image\":{\"@id\":\"https:\/\/bureaudresterez.com\/en\/about\/#primaryimage\"},\"thumbnailUrl\":\"http:\/\/bureaudresterez.com\/wp-content\/uploads\/2015\/12\/icon-5.png\",\"datePublished\":\"2015-12-14T04:10:10+00:00\",\"dateModified\":\"2024-04-08T01:41:50+00:00\",\"description\":\"Dr. Esterez's biography. Over 30 years of practice in family medicine. Professional, careful & attentive. Available as a private doctor for consultations at his office or at your home.\",\"breadcrumb\":{\"@id\":\"https:\/\/bureaudresterez.com\/en\/about\/#breadcrumb\"},\"inLanguage\":\"en-US\",\"potentialAction\":[{\"@type\":\"ReadAction\",\"target\":[\"https:\/\/bureaudresterez.com\/en\/about\/\"]}]},{\"@type\":\"ImageObject\",\"inLanguage\":\"en-US\",\"@id\":\"https:\/\/bureaudresterez.com\/en\/about\/#primaryimage\",\"url\":\"http:\/\/bureaudresterez.com\/wp-content\/uploads\/2015\/12\/icon-5.png\",\"contentUrl\":\"http:\/\/bureaudresterez.com\/wp-content\/uploads\/2015\/12\/icon-5.png\"},{\"@type\":\"BreadcrumbList\",\"@id\":\"https:\/\/bureaudresterez.com\/en\/about\/#breadcrumb\",\"itemListElement\":[{\"@type\":\"ListItem\",\"position\":1,\"name\":\"Home\",\"item\":\"https:\/\/bureaudresterez.com\/en\/\"},{\"@type\":\"ListItem\",\"position\":2,\"name\":\"About\"}]},{\"@type\":\"WebSite\",\"@id\":\"https:\/\/bureaudresterez.com\/#website\",\"url\":\"https:\/\/bureaudresterez.com\/\",\"name\":\"Bureau du Dr. Philippe Est\u00e9rez\",\"description\":\"Private Medical Consultations at Home or at the Office in Montreal\",\"publisher\":{\"@id\":\"https:\/\/bureaudresterez.com\/#\/schema\/person\/4d7079c7a5feabfc7ddd290d7d575f31\"},\"potentialAction\":[{\"@type\":\"SearchAction\",\"target\":{\"@type\":\"EntryPoint\",\"urlTemplate\":\"https:\/\/bureaudresterez.com\/?s={search_term_string}\"},\"query-input\":{\"@type\":\"PropertyValueSpecification\",\"valueRequired\":true,\"valueName\":\"search_term_string\"}}],\"inLanguage\":\"en-US\"},{\"@type\":[\"Person\",\"Organization\"],\"@id\":\"https:\/\/bureaudresterez.com\/#\/schema\/person\/4d7079c7a5feabfc7ddd290d7d575f31\",\"name\":\"Philippe Est\u00e9rez\",\"image\":{\"@type\":\"ImageObject\",\"inLanguage\":\"en-US\",\"@id\":\"https:\/\/bureaudresterez.com\/#\/schema\/person\/image\/\",\"url\":\"http:\/\/bureaudresterez.com\/wp-content\/uploads\/2018\/03\/favicon-144.png\",\"contentUrl\":\"http:\/\/bureaudresterez.com\/wp-content\/uploads\/2018\/03\/favicon-144.png\",\"width\":144,\"height\":144,\"caption\":\"Philippe Est\u00e9rez\"},\"logo\":{\"@id\":\"https:\/\/bureaudresterez.com\/#\/schema\/person\/image\/\"},\"sameAs\":[\"https:\/\/bureaudresterez.com\/\",\"https:\/\/www.facebook.com\/Dr.P.Esterez\/\"]}]}<\/script>\n<!-- \/ Yoast SEO plugin. -->","yoast_head_json":{"title":"About - Office of Dr. Philippe Est\u00e9rez","description":"Dr. Esterez's biography. Over 30 years of practice in family medicine. Professional, careful & attentive. Available as a private doctor for consultations at his office or at your home.","robots":{"index":"index","follow":"follow","max-snippet":"max-snippet:-1","max-image-preview":"max-image-preview:large","max-video-preview":"max-video-preview:-1"},"canonical":"https:\/\/bureaudresterez.com\/en\/about\/","og_locale":"en_US","og_type":"article","og_title":"About - Office of Dr. Philippe Est\u00e9rez","og_description":"Dr. Esterez's biography. Over 30 years of practice in family medicine. Professional, careful & attentive. Available as a private doctor for consultations at his office or at your home.","og_url":"https:\/\/bureaudresterez.com\/en\/about\/","og_site_name":"Office of Dr. Philippe Est\u00e9rez","article_publisher":"https:\/\/www.facebook.com\/Dr.P.Esterez\/","article_modified_time":"2024-04-08T01:41:50+00:00","og_image":[{"url":"http:\/\/bureaudresterez.com\/wp-content\/uploads\/2015\/12\/icon-5.png","type":"","width":"","height":""}],"twitter_card":"summary_large_image","twitter_site":"@EsterezP","twitter_misc":{"Est. reading time":"2 minutes"},"schema":{"@context":"https:\/\/schema.org","@graph":[{"@type":"WebPage","@id":"https:\/\/bureaudresterez.com\/en\/about\/","url":"https:\/\/bureaudresterez.com\/en\/about\/","name":"About - Office of Dr. Philippe Est\u00e9rez","isPartOf":{"@id":"https:\/\/bureaudresterez.com\/#website"},"primaryImageOfPage":{"@id":"https:\/\/bureaudresterez.com\/en\/about\/#primaryimage"},"image":{"@id":"https:\/\/bureaudresterez.com\/en\/about\/#primaryimage"},"thumbnailUrl":"http:\/\/bureaudresterez.com\/wp-content\/uploads\/2015\/12\/icon-5.png","datePublished":"2015-12-14T04:10:10+00:00","dateModified":"2024-04-08T01:41:50+00:00","description":"Dr. Esterez's biography. Over 30 years of practice in family medicine. Professional, careful & attentive. Available as a private doctor for consultations at his office or at your home.","breadcrumb":{"@id":"https:\/\/bureaudresterez.com\/en\/about\/#breadcrumb"},"inLanguage":"en-US","potentialAction":[{"@type":"ReadAction","target":["https:\/\/bureaudresterez.com\/en\/about\/"]}]},{"@type":"ImageObject","inLanguage":"en-US","@id":"https:\/\/bureaudresterez.com\/en\/about\/#primaryimage","url":"http:\/\/bureaudresterez.com\/wp-content\/uploads\/2015\/12\/icon-5.png","contentUrl":"http:\/\/bureaudresterez.com\/wp-content\/uploads\/2015\/12\/icon-5.png"},{"@type":"BreadcrumbList","@id":"https:\/\/bureaudresterez.com\/en\/about\/#breadcrumb","itemListElement":[{"@type":"ListItem","position":1,"name":"Home","item":"https:\/\/bureaudresterez.com\/en\/"},{"@type":"ListItem","position":2,"name":"About"}]},{"@type":"WebSite","@id":"https:\/\/bureaudresterez.com\/#website","url":"https:\/\/bureaudresterez.com\/","name":"Bureau du Dr. Philippe Est\u00e9rez","description":"Private Medical Consultations at Home or at the Office in Montreal","publisher":{"@id":"https:\/\/bureaudresterez.com\/#\/schema\/person\/4d7079c7a5feabfc7ddd290d7d575f31"},"potentialAction":[{"@type":"SearchAction","target":{"@type":"EntryPoint","urlTemplate":"https:\/\/bureaudresterez.com\/?s={search_term_string}"},"query-input":{"@type":"PropertyValueSpecification","valueRequired":true,"valueName":"search_term_string"}}],"inLanguage":"en-US"},{"@type":["Person","Organization"],"@id":"https:\/\/bureaudresterez.com\/#\/schema\/person\/4d7079c7a5feabfc7ddd290d7d575f31","name":"Philippe Est\u00e9rez","image":{"@type":"ImageObject","inLanguage":"en-US","@id":"https:\/\/bureaudresterez.com\/#\/schema\/person\/image\/","url":"http:\/\/bureaudresterez.com\/wp-content\/uploads\/2018\/03\/favicon-144.png","contentUrl":"http:\/\/bureaudresterez.com\/wp-content\/uploads\/2018\/03\/favicon-144.png","width":144,"height":144,"caption":"Philippe Est\u00e9rez"},"logo":{"@id":"https:\/\/bureaudresterez.com\/#\/schema\/person\/image\/"},"sameAs":["https:\/\/bureaudresterez.com\/","https:\/\/www.facebook.com\/Dr.P.Esterez\/"]}]}},"_links":{"self":[{"href":"https:\/\/bureaudresterez.com\/en\/wp-json\/wp\/v2\/pages\/833","targetHints":{"allow":["GET"]}}],"collection":[{"href":"https:\/\/bureaudresterez.com\/en\/wp-json\/wp\/v2\/pages"}],"about":[{"href":"https:\/\/bureaudresterez.com\/en\/wp-json\/wp\/v2\/types\/page"}],"author":[{"embeddable":true,"href":"https:\/\/bureaudresterez.com\/en\/wp-json\/wp\/v2\/users\/5"}],"replies":[{"embeddable":true,"href":"https:\/\/bureaudresterez.com\/en\/wp-json\/wp\/v2\/comments?post=833"}],"version-history":[{"count":36,"href":"https:\/\/bureaudresterez.com\/en\/wp-json\/wp\/v2\/pages\/833\/revisions"}],"predecessor-version":[{"id":1787,"href":"https:\/\/bureaudresterez.com\/en\/wp-json\/wp\/v2\/pages\/833\/revisions\/1787"}],"wp:attachment":[{"href":"https:\/\/bureaudresterez.com\/en\/wp-json\/wp\/v2\/media?parent=833"}],"curies":[{"name":"wp","href":"https:\/\/api.w.org\/{rel}","templated":true}]}}